{"id":1709,"date":"2023-12-12T11:10:46","date_gmt":"2023-12-12T16:10:46","guid":{"rendered":"https:\/\/www.traumasolutions.pe\/?page_id=1709"},"modified":"2024-04-11T17:22:09","modified_gmt":"2024-04-11T22:22:09","slug":"politicas-de-cookies","status":"publish","type":"page","link":"https:\/\/www.traumasolutions.pe\/en\/politicas-de-cookies\/","title":{"rendered":"Pol\u00edticas de cookies"},"content":{"rendered":"<div data-elementor-type=\"wp-page\" data-elementor-id=\"1709\" class=\"elementor elementor-1709\" data-elementor-post-type=\"page\">\n\t\t\t\t\t\t<section class=\"ob-is-breaking-bad elementor-section elementor-top-section elementor-element elementor-element-34b472a elementor-section-full_width elementor-section-height-min-height elementor-section-height-default elementor-section-items-middle\" data-id=\"34b472a\" data-element_type=\"section\" data-settings=\"{&quot;jet_parallax_layout_list&quot;:[],&quot;background_background&quot;:&quot;classic&quot;,&quot;_ob_bbad_use_it&quot;:&quot;yes&quot;,&quot;_ob_bbad_sssic_use&quot;:&quot;no&quot;,&quot;_ob_glider_is_slider&quot;:&quot;no&quot;}\">\n\t\t\t\t\t\t<div class=\"elementor-container elementor-column-gap-default\">\n\t\t\t\t\t<div class=\"elementor-column elementor-col-100 elementor-top-column elementor-element elementor-element-28b99c4\" data-id=\"28b99c4\" data-element_type=\"column\" data-settings=\"{&quot;_ob_bbad_is_stalker&quot;:&quot;no&quot;,&quot;_ob_teleporter_use&quot;:false,&quot;_ob_column_hoveranimator&quot;:&quot;no&quot;,&quot;_ob_column_has_pseudo&quot;:&quot;no&quot;}\">\n\t\t\t<div class=\"elementor-widget-wrap\">\n\t\t\t\t\t\t\t<\/div>\n\t\t<\/div>\n\t\t\t\t\t<\/div>\n\t\t<\/section>\n\t\t\t\t<section class=\"ob-is-breaking-bad elementor-section elementor-top-section elementor-element elementor-element-a94d1b9 elementor-section-height-min-height elementor-section-content-middle elementor-section-boxed elementor-section-height-default elementor-section-items-middle\" data-id=\"a94d1b9\" data-element_type=\"section\" data-settings=\"{&quot;jet_parallax_layout_list&quot;:[],&quot;background_background&quot;:&quot;classic&quot;,&quot;_ob_bbad_use_it&quot;:&quot;yes&quot;,&quot;_ob_bbad_sssic_use&quot;:&quot;no&quot;,&quot;_ob_glider_is_slider&quot;:&quot;no&quot;}\">\n\t\t\t\t\t\t<div class=\"elementor-container elementor-column-gap-default\">\n\t\t\t\t\t<div class=\"elementor-column elementor-col-100 elementor-top-column elementor-element elementor-element-2abd5bd\" data-id=\"2abd5bd\" data-element_type=\"column\" data-settings=\"{&quot;_ob_bbad_is_stalker&quot;:&quot;no&quot;,&quot;_ob_teleporter_use&quot;:false,&quot;_ob_column_hoveranimator&quot;:&quot;no&quot;,&quot;_ob_column_has_pseudo&quot;:&quot;no&quot;}\">\n\t\t\t<div class=\"elementor-widget-wrap elementor-element-populated\">\n\t\t\t\t\t\t\t<\/div>\n\t\t<\/div>\n\t\t\t\t\t<\/div>\n\t\t<\/section>\n\t\t\t\t<section class=\"ob-is-breaking-bad elementor-section elementor-top-section elementor-element elementor-element-44266dd elementor-section-boxed elementor-section-height-default elementor-section-height-default\" data-id=\"44266dd\" data-element_type=\"section\" data-settings=\"{&quot;jet_parallax_layout_list&quot;:[],&quot;_ob_bbad_use_it&quot;:&quot;yes&quot;,&quot;_ob_bbad_sssic_use&quot;:&quot;no&quot;,&quot;_ob_glider_is_slider&quot;:&quot;no&quot;}\">\n\t\t\t\t\t\t<div class=\"elementor-container elementor-column-gap-default\">\n\t\t\t\t\t<div class=\"elementor-column elementor-col-100 elementor-top-column elementor-element elementor-element-bacb316\" data-id=\"bacb316\" data-element_type=\"column\" data-settings=\"{&quot;_ob_bbad_is_stalker&quot;:&quot;no&quot;,&quot;_ob_teleporter_use&quot;:false,&quot;_ob_column_hoveranimator&quot;:&quot;no&quot;,&quot;_ob_column_has_pseudo&quot;:&quot;no&quot;}\">\n\t\t\t<div class=\"elementor-widget-wrap elementor-element-populated\">\n\t\t\t\t\t\t<div class=\"elementor-element elementor-element-42e3a37 h2-custom ob-has-background-overlay elementor-widget elementor-widget-text-editor\" data-id=\"42e3a37\" data-element_type=\"widget\" data-settings=\"{&quot;_ob_postman_use&quot;:&quot;no&quot;,&quot;_ob_perspektive_use&quot;:&quot;no&quot;,&quot;_ob_poopart_use&quot;:&quot;yes&quot;,&quot;_ob_shadough_use&quot;:&quot;no&quot;,&quot;_ob_allow_hoveranimator&quot;:&quot;no&quot;,&quot;_ob_widget_stalker_use&quot;:&quot;no&quot;}\" data-widget_type=\"text-editor.default\">\n\t\t\t\t<div class=\"elementor-widget-container\">\n\t\t\t\t\t\t\t\t\t<p><strong>Fecha de \u00faltima actualizaci\u00f3n: 25\/03\/2024<\/strong><\/p>\n<p>Esta pol\u00edtica de cookies explica c\u00f3mo Trauma Solutions utiliza cookies y tecnolog\u00edas similares para reconocerte cuando visitas nuestro sitio web. Esta pol\u00edtica explica qu\u00e9 son las cookies, c\u00f3mo las utilizamos y tus opciones con respecto a su uso.<\/p>\n<h2>\u00bfQu\u00e9 son las cookies?<\/h2>\n<p>Las cookies son peque\u00f1os archivos de texto que se almacenan en tu navegador cuando visitas un sitio web. Se utilizan ampliamente para que los sitios web funcionen de manera m\u00e1s eficiente, as\u00ed como para proporcionar informaci\u00f3n a los propietarios del sitio.<\/p>\n<h2>\u00bfC\u00f3mo utilizamos las cookies?<\/h2>\n<p>Trauma Solutions utiliza cookies por diversas razones, que pueden incluir:<\/p>\n<ul>\n<li>Permitir el funcionamiento t\u00e9cnico de nuestro sitio web.<\/li>\n<li>Personalizar tu experiencia en nuestro sitio web.<\/li>\n<li>Analizar el uso de nuestro sitio web y mejorar su funcionalidad.<\/li>\n<li>Proporcionar contenido publicitario relevante.<\/li>\n<\/ul>\n<h2>Tipos de cookies que utilizamos<\/h2>\n<ul>\n<li><strong>Cookie \u00abYSC\u00bb:<\/strong> YouTube configura esta cookie para rastrear las vistas de videos incrustados en las p\u00e1ginas de YouTube.<\/li>\n<li><strong>Cookie \u00abVISITANTE_INFO1_EN VIVO\u00bb:<\/strong> YouTube configura esta cookie para medir el ancho de banda, determinando si el usuario obtiene la interfaz del reproductor nueva o antigua.<\/li>\n<li><strong>Cookie \u00abVISITOR_PRIVACY_METADATA\u00bb:<\/strong> YouTube configura esta cookie para almacenar el estado de consentimiento de cookies del usuario para el dominio actual.<\/li>\n<li><strong>Cookie \u00abelementor\u00bb:<\/strong> El tema de WordPress del sitio web utiliza esta cookie. Permite al propietario del sitio web implementar o cambiar el contenido del sitio web en tiempo real.<\/li>\n<\/ul>\n<h2>Tus opciones con respecto a las cookies<\/h2>\n<p>Puedes ajustar la configuraci\u00f3n de tu navegador para rechazar todas las cookies o para indicar cu\u00e1ndo se est\u00e1 enviando una cookie. Sin embargo, ten en cuenta que algunas partes de nuestro sitio web pueden no funcionar correctamente si desactivas las cookies.<\/p>\n<h2>Cambios en nuestra pol\u00edtica de cookies<\/h2>\n<p>Nos reservamos el derecho de actualizar esta pol\u00edtica de cookies en cualquier momento. Te recomendamos que revises esta p\u00e1gina peri\u00f3dicamente para estar al tanto de cualquier cambio. Los cambios y aclaraciones tendr\u00e1n efecto inmediatamente despu\u00e9s de su publicaci\u00f3n en el sitio web.<\/p>\n<h2>Contacto<\/h2>\n<p>Si tienes alguna pregunta sobre nuestra pol\u00edtica de cookies, cont\u00e1ctanos en<span style=\"color: #3366ff\"> <a style=\"color: #3366ff\" href=\"mailto:contacto@traumasolutions.pe\">contacto@traumasolutions.pe<\/a><\/span> o a trav\u00e9s de nuestra <span style=\"color: #3366ff\"><a style=\"color: #3366ff\" href=\"\/en\/contacto\/\">p\u00e1gina de contacto<\/a><\/span>.<\/p>\n\t\t\t\t\t\t\t\t<\/div>\n\t\t\t\t<\/div>\n\t\t\t\t\t<\/div>\n\t\t<\/div>\n\t\t\t\t\t<\/div>\n\t\t<\/section>\n\t\t\t\t<\/div>","protected":false},"excerpt":{"rendered":"","protected":false},"author":1,"featured_media":0,"parent":0,"menu_order":0,"comment_status":"closed","ping_status":"closed","template":"","meta":{"inline_featured_image":false,"footnotes":""},"class_list":["post-1709","page","type-page","status-publish","hentry"],"_links":{"self":[{"href":"https:\/\/www.traumasolutions.pe\/en\/wp-json\/wp\/v2\/pages\/1709","targetHints":{"allow":["GET"]}}],"collection":[{"href":"https:\/\/www.traumasolutions.pe\/en\/wp-json\/wp\/v2\/pages"}],"about":[{"href":"https:\/\/www.traumasolutions.pe\/en\/wp-json\/wp\/v2\/types\/page"}],"author":[{"embeddable":true,"href":"https:\/\/www.traumasolutions.pe\/en\/wp-json\/wp\/v2\/users\/1"}],"replies":[{"embeddable":true,"href":"https:\/\/www.traumasolutions.pe\/en\/wp-json\/wp\/v2\/comments?post=1709"}],"version-history":[{"count":0,"href":"https:\/\/www.traumasolutions.pe\/en\/wp-json\/wp\/v2\/pages\/1709\/revisions"}],"wp:attachment":[{"href":"https:\/\/www.traumasolutions.pe\/en\/wp-json\/wp\/v2\/media?parent=1709"}],"curies":[{"name":"wp","href":"https:\/\/api.w.org\/{rel}","templated":true}]}}