{"id":1707,"date":"2023-12-12T11:10:15","date_gmt":"2023-12-12T16:10:15","guid":{"rendered":"https:\/\/www.traumasolutions.pe\/?page_id=1707"},"modified":"2024-04-11T17:17:43","modified_gmt":"2024-04-11T22:17:43","slug":"terminos-y-condiciones","status":"publish","type":"page","link":"https:\/\/www.traumasolutions.pe\/en\/terminos-y-condiciones\/","title":{"rendered":"T\u00e9rminos y Condiciones"},"content":{"rendered":"<div data-elementor-type=\"wp-page\" data-elementor-id=\"1707\" class=\"elementor elementor-1707\" data-elementor-post-type=\"page\">\n\t\t\t\t\t\t<section class=\"ob-is-breaking-bad elementor-section elementor-top-section elementor-element elementor-element-b057f79 elementor-section-full_width elementor-section-height-min-height elementor-section-height-default elementor-section-items-middle\" data-id=\"b057f79\" data-element_type=\"section\" data-settings=\"{&quot;jet_parallax_layout_list&quot;:[],&quot;background_background&quot;:&quot;classic&quot;,&quot;_ob_bbad_use_it&quot;:&quot;yes&quot;,&quot;_ob_bbad_sssic_use&quot;:&quot;no&quot;,&quot;_ob_glider_is_slider&quot;:&quot;no&quot;}\">\n\t\t\t\t\t\t<div class=\"elementor-container elementor-column-gap-default\">\n\t\t\t\t\t<div class=\"elementor-column elementor-col-100 elementor-top-column elementor-element elementor-element-00765b6\" data-id=\"00765b6\" data-element_type=\"column\" data-settings=\"{&quot;_ob_bbad_is_stalker&quot;:&quot;no&quot;,&quot;_ob_teleporter_use&quot;:false,&quot;_ob_column_hoveranimator&quot;:&quot;no&quot;,&quot;_ob_column_has_pseudo&quot;:&quot;no&quot;}\">\n\t\t\t<div class=\"elementor-widget-wrap\">\n\t\t\t\t\t\t\t<\/div>\n\t\t<\/div>\n\t\t\t\t\t<\/div>\n\t\t<\/section>\n\t\t\t\t<section class=\"ob-is-breaking-bad elementor-section elementor-top-section elementor-element elementor-element-d57698c elementor-section-height-min-height elementor-section-content-middle elementor-section-boxed elementor-section-height-default elementor-section-items-middle\" data-id=\"d57698c\" data-element_type=\"section\" data-settings=\"{&quot;jet_parallax_layout_list&quot;:[],&quot;background_background&quot;:&quot;classic&quot;,&quot;_ob_bbad_use_it&quot;:&quot;yes&quot;,&quot;_ob_bbad_sssic_use&quot;:&quot;no&quot;,&quot;_ob_glider_is_slider&quot;:&quot;no&quot;}\">\n\t\t\t\t\t\t<div class=\"elementor-container elementor-column-gap-default\">\n\t\t\t\t\t<div class=\"elementor-column elementor-col-100 elementor-top-column elementor-element elementor-element-1b5d12f\" data-id=\"1b5d12f\" data-element_type=\"column\" data-settings=\"{&quot;_ob_bbad_is_stalker&quot;:&quot;no&quot;,&quot;_ob_teleporter_use&quot;:false,&quot;_ob_column_hoveranimator&quot;:&quot;no&quot;,&quot;_ob_column_has_pseudo&quot;:&quot;no&quot;}\">\n\t\t\t<div class=\"elementor-widget-wrap elementor-element-populated\">\n\t\t\t\t\t\t\t<\/div>\n\t\t<\/div>\n\t\t\t\t\t<\/div>\n\t\t<\/section>\n\t\t\t\t<section class=\"ob-is-breaking-bad elementor-section elementor-top-section elementor-element elementor-element-d599a64 elementor-section-boxed elementor-section-height-default elementor-section-height-default\" data-id=\"d599a64\" data-element_type=\"section\" data-settings=\"{&quot;jet_parallax_layout_list&quot;:[],&quot;_ob_bbad_use_it&quot;:&quot;yes&quot;,&quot;_ob_bbad_sssic_use&quot;:&quot;no&quot;,&quot;_ob_glider_is_slider&quot;:&quot;no&quot;}\">\n\t\t\t\t\t\t<div class=\"elementor-container elementor-column-gap-default\">\n\t\t\t\t\t<div class=\"elementor-column elementor-col-100 elementor-top-column elementor-element elementor-element-faf9f03\" data-id=\"faf9f03\" data-element_type=\"column\" data-settings=\"{&quot;_ob_bbad_is_stalker&quot;:&quot;no&quot;,&quot;_ob_teleporter_use&quot;:false,&quot;_ob_column_hoveranimator&quot;:&quot;no&quot;,&quot;_ob_column_has_pseudo&quot;:&quot;no&quot;}\">\n\t\t\t<div class=\"elementor-widget-wrap elementor-element-populated\">\n\t\t\t\t\t\t<div class=\"elementor-element elementor-element-8b61ad4 h2-custom ob-has-background-overlay elementor-widget elementor-widget-text-editor\" data-id=\"8b61ad4\" data-element_type=\"widget\" data-settings=\"{&quot;_ob_postman_use&quot;:&quot;no&quot;,&quot;_ob_perspektive_use&quot;:&quot;no&quot;,&quot;_ob_poopart_use&quot;:&quot;yes&quot;,&quot;_ob_shadough_use&quot;:&quot;no&quot;,&quot;_ob_allow_hoveranimator&quot;:&quot;no&quot;,&quot;_ob_widget_stalker_use&quot;:&quot;no&quot;}\" data-widget_type=\"text-editor.default\">\n\t\t\t\t<div class=\"elementor-widget-container\">\n\t\t\t\t\t\t\t\t\t<p><strong>Fecha de \u00faltima actualizaci\u00f3n: 25\/03\/2024<\/strong><\/p>\n<p>Los presentes T\u00e9rminos y Condiciones regulan el uso del sitio web:\u00a0<a href=\"https:\/\/www.traumasolutions.pe\/en\/\">https:\/\/www.traumasolutions.pe\/<\/a>\u00a0 de propiedad de Trauma Solutions S.A.C. (en adelante, Trauma Solutions), con domicilio en Av. Jos\u00e9 G\u00e1lvez Barrenechea 246, San Isidro, Lima \u2013 Per\u00fa. Dicho sitio web se pone a disposici\u00f3n de clientes, potenciales clientes, m\u00e9dicos usuarios y otros usuarios de Internet. Al acceder y utilizar este sitio web, el usuario est\u00e1 aceptando los T\u00e9rminos y Condiciones que aqu\u00ed se exponen.<\/p>\n<p>&nbsp;<\/p>\n<p><strong>Finalidad de la web<\/strong><\/p>\n<p>El sitio web ha sido dise\u00f1ado con la finalidad de publicitar los productos que comercializa Trauma Solutions y dar informaci\u00f3n sobre los mismos. Asimismo, facilita otro tipo de informaci\u00f3n que puede ser de su inter\u00e9s, como cursos o eventos de educaci\u00f3n m\u00e9dica, art\u00edculos de casos cl\u00ednicos de estudio, entre otras. De esta forma se puede crear un espacio de comunicaci\u00f3n para los usuarios que accedan al sitio web.<\/p>\n<p><strong>Contenido de la web<\/strong><\/p>\n<p>La web es una gu\u00eda informativa que facilita a los usuarios informarse de los productos de Trauma Solutions, la misma que podr\u00e1 estar sujeta a modificaciones totales y parciales.<\/p>\n<p>El contenido gr\u00e1fico de la web (im\u00e1genes, fotograf\u00edas o videos)\u00a0mostrando la colocaci\u00f3n de nuestras placas, tornillos, pr\u00f3tesis e injertos, son demostrativos y referenciales; por ende, no son una representaci\u00f3n necesariamente exacta del resultado final de una cirug\u00eda utilizando nuestros productos. El resultado final de la cirug\u00eda siempre depender\u00e1 tambi\u00e9n de otros factores como la habilidad, capacitaci\u00f3n y conocimiento del traumat\u00f3logo cirujano. Los precios, caracter\u00edsticas, especificaciones y disponibilidades deben ser confirmados por nuestros representantes de ventas.<\/p>\n<p>En la web existe contenido gr\u00e1fico relacionado a lesiones, fracturas, cirug\u00edas, entre otros, que puede resultar perturbador para la sensibilidad de algunas personas. Este contenido no est\u00e1 dirigido a menores de edad ni al p\u00fablico en general, sino a m\u00e9dicos usuarios y pacientes interesados. Trauma Solutions no es responsable del perjuicio hacia la sensibilidad de los usuarios de su web.<\/p>\n<p>La web podr\u00e1 ser quitada en cualquier momento y la informaci\u00f3n difundida en ella podr\u00e1 ser objeto de modificaci\u00f3n total o parcial en cualquier forma por Trauma Solutions y sin aviso previo, no gener\u00e1ndose en ninguno de los casos derecho a indemnizaci\u00f3n alguna en favor de usuarios o terceros.<\/p>\n<p><strong>Aceptaci\u00f3n y responsabilidad del usuario<\/strong><\/p>\n<p>El usuario que acceda al sitio web deber\u00e1 respetar en todo momento los t\u00e9rminos y condiciones establecidos. En ese sentido, el usuario asumir\u00e1 cualquier responsabilidad que pudiera derivarse del incumplimiento de las normas establecidas.<\/p>\n<p>El usuario no utilizar\u00e1 este sitio web para almacenar, divulgar o distribuir datos, software o cualquier otro contenido que menoscabe el correcto funcionamiento de la web, ni viole las leyes del Estado Peruano, asumiendo la responsabilidad si incurriera en ello.<\/p>\n<p>Queda expresamente prohibido el uso de este sitio web con el fin de perjudicar los bienes o intereses de Trauma Solutions o da\u00f1en o inutilicen las redes, servidores y dem\u00e1s equipos inform\u00e1ticos o productos y aplicaciones inform\u00e1ticas de Trauma Solutions.<\/p>\n<p><strong>Modificaciones<\/strong><\/p>\n<p>Trauma Solutions se reserva el derecho de modificar en cualquier momento, de manera unilateral y sin previo aviso, los T\u00e9rminos y Condiciones de uso de la web. Por este motivo, con el fin de tener en cuenta los t\u00e9rminos del uso de la web, se recomienda al usuario consultar peri\u00f3dicamente.<\/p>\n<p><strong>Responsabilidad del sitio web<\/strong><\/p>\n<p>El usuario comprende y acepta que Trauma Solutions no concede ninguna garant\u00eda de cualquier naturaleza, ya sea expresa o impl\u00edcita, sobre la vigencia de los datos, contenidos, informaci\u00f3n proporcionados en la web. Asimismo, Trauma Solutions no garantiza ni asume responsabilidad alguna respecto a los posibles da\u00f1os y\/o perjuicios causados por el uso y utilizaci\u00f3n de la informaci\u00f3n, contenido gr\u00e1fico, datos y servicios de la web.<\/p>\n<p><strong>Propiedad intelectual<\/strong><\/p>\n<p>Todas las marcas, im\u00e1genes, nombres comerciales, o cualquier otro elemento susceptible de protecci\u00f3n por la legislaci\u00f3n de propiedad intelectual que est\u00e1n publicados en nuestro sitio web son propiedad de sus leg\u00edtimos titulares. Al ser representantes y\/o distribuidores oficiales, Trauma Solutions cuenta con la autorizaci\u00f3n legal por parte de los titulares para hacer uso comercial de estos elementos. Queda prohibida su reproducci\u00f3n, uso o comercializaci\u00f3n sin previa autorizaci\u00f3n.<\/p>\n\t\t\t\t\t\t\t\t<\/div>\n\t\t\t\t<\/div>\n\t\t\t\t\t<\/div>\n\t\t<\/div>\n\t\t\t\t\t<\/div>\n\t\t<\/section>\n\t\t\t\t<\/div>","protected":false},"excerpt":{"rendered":"","protected":false},"author":1,"featured_media":0,"parent":0,"menu_order":0,"comment_status":"closed","ping_status":"closed","template":"","meta":{"inline_featured_image":false,"footnotes":""},"class_list":["post-1707","page","type-page","status-publish","hentry"],"_links":{"self":[{"href":"https:\/\/www.traumasolutions.pe\/en\/wp-json\/wp\/v2\/pages\/1707","targetHints":{"allow":["GET"]}}],"collection":[{"href":"https:\/\/www.traumasolutions.pe\/en\/wp-json\/wp\/v2\/pages"}],"about":[{"href":"https:\/\/www.traumasolutions.pe\/en\/wp-json\/wp\/v2\/types\/page"}],"author":[{"embeddable":true,"href":"https:\/\/www.traumasolutions.pe\/en\/wp-json\/wp\/v2\/users\/1"}],"replies":[{"embeddable":true,"href":"https:\/\/www.traumasolutions.pe\/en\/wp-json\/wp\/v2\/comments?post=1707"}],"version-history":[{"count":0,"href":"https:\/\/www.traumasolutions.pe\/en\/wp-json\/wp\/v2\/pages\/1707\/revisions"}],"wp:attachment":[{"href":"https:\/\/www.traumasolutions.pe\/en\/wp-json\/wp\/v2\/media?parent=1707"}],"curies":[{"name":"wp","href":"https:\/\/api.w.org\/{rel}","templated":true}]}}